{"id":7847,"date":"2023-01-02T19:49:54","date_gmt":"2023-01-02T19:49:54","guid":{"rendered":"https:\/\/www.pierholding.com\/?page_id=7847"},"modified":"2023-01-06T07:44:00","modified_gmt":"2023-01-06T07:44:00","slug":"pier-aban","status":"publish","type":"page","link":"https:\/\/www.pierholding.com\/ru_ru\/pier-aban\/","title":{"rendered":"\u041f\u044c\u0435\u0440 \u0410\u0431\u0430\u043d"},"content":{"rendered":"\t\t<div data-elementor-type=\"wp-page\" data-elementor-id=\"7847\" class=\"elementor elementor-7847\" data-elementor-post-type=\"page\">\n\t\t\t\t\t\t<section class=\"elementor-section elementor-top-section elementor-element elementor-element-58742cb elementor-section-boxed elementor-section-height-default elementor-section-height-default\" data-id=\"58742cb\" data-element_type=\"section\" data-e-type=\"section\" data-settings=\"{&quot;ekit_has_onepagescroll_dot&quot;:&quot;yes&quot;}\">\n\t\t\t\t\t\t<div class=\"elementor-container elementor-column-gap-default\">\n\t\t\t\t\t<div class=\"elementor-column elementor-col-100 elementor-top-column elementor-element elementor-element-e0bc6a4\" data-id=\"e0bc6a4\" data-element_type=\"column\" data-e-type=\"column\">\n\t\t\t<div class=\"elementor-widget-wrap elementor-element-populated\">\n\t\t\t\t\t\t<div class=\"elementor-element elementor-element-6feefba elementor-widget elementor-widget-energium_heading\" data-id=\"6feefba\" data-element_type=\"widget\" data-e-type=\"widget\" data-settings=\"{&quot;ekit_we_effect_on&quot;:&quot;none&quot;}\" data-widget_type=\"energium_heading.default\">\n\t\t\t\t<div class=\"elementor-widget-container\">\n\t\t\t\t\t<div class=\"energium-heading-widget\"><h2 class=\"energium-heading\"><span class=\"energium-heading-content\">Pier Aban\u00a0<\/span><\/h2><\/div>\t\t\t\t<\/div>\n\t\t\t\t<\/div>\n\t\t\t\t<div class=\"elementor-element elementor-element-7959a90 elementor-absolute elementor-widget elementor-widget-image\" data-id=\"7959a90\" data-element_type=\"widget\" data-e-type=\"widget\" data-settings=\"{&quot;_position&quot;:&quot;absolute&quot;,&quot;ekit_we_effect_on&quot;:&quot;none&quot;}\" data-widget_type=\"image.default\">\n\t\t\t\t<div class=\"elementor-widget-container\">\n\t\t\t\t\t\t\t\t\t\t\t\t\t\t\t<img fetchpriority=\"high\" decoding=\"async\" width=\"591\" height=\"591\" src=\"https:\/\/www.pierholding.com\/wp-content\/uploads\/2022\/12\/Logos_06.jpg\" class=\"attachment-large size-large wp-image-7167\" alt=\"\" srcset=\"https:\/\/www.pierholding.com\/wp-content\/uploads\/2022\/12\/Logos_06.jpg 591w, https:\/\/www.pierholding.com\/wp-content\/uploads\/2022\/12\/Logos_06-300x300.jpg 300w, https:\/\/www.pierholding.com\/wp-content\/uploads\/2022\/12\/Logos_06-150x150.jpg 150w, https:\/\/www.pierholding.com\/wp-content\/uploads\/2022\/12\/Logos_06-480x480.jpg 480w, https:\/\/www.pierholding.com\/wp-content\/uploads\/2022\/12\/Logos_06-384x384.jpg 384w, https:\/\/www.pierholding.com\/wp-content\/uploads\/2022\/12\/Logos_06-320x320.jpg 320w, https:\/\/www.pierholding.com\/wp-content\/uploads\/2022\/12\/Logos_06-224x224.jpg 224w, https:\/\/www.pierholding.com\/wp-content\/uploads\/2022\/12\/Logos_06-470x470.jpg 470w, https:\/\/www.pierholding.com\/wp-content\/uploads\/2022\/12\/Logos_06-100x100.jpg 100w\" sizes=\"(max-width: 591px) 100vw, 591px\">\t\t\t\t\t\t\t\t\t\t\t\t\t\t\t<\/div>\n\t\t\t\t<\/div>\n\t\t\t\t<div class=\"elementor-element elementor-element-0bac2c4 elementor-widget elementor-widget-energium_heading\" data-id=\"0bac2c4\" data-element_type=\"widget\" data-e-type=\"widget\" data-settings=\"{&quot;ekit_we_effect_on&quot;:&quot;none&quot;}\" data-widget_type=\"energium_heading.default\">\n\t\t\t\t<div class=\"elementor-widget-container\">\n\t\t\t\t\t<div class=\"energium-heading-widget\"><span class=\"energium-heading\"><span class=\"energium-heading-content\">Compliant fuel\u00a0<\/span><\/span><\/div>\t\t\t\t<\/div>\n\t\t\t\t<\/div>\n\t\t\t\t\t<\/div>\n\t\t<\/div>\n\t\t\t\t\t<\/div>\n\t\t<\/section>\n\t\t\t\t<section class=\"elementor-section elementor-top-section elementor-element elementor-element-d09cfd7 elementor-section-boxed elementor-section-height-default elementor-section-height-default\" data-id=\"d09cfd7\" data-element_type=\"section\" data-e-type=\"section\" data-settings=\"{&quot;ekit_has_onepagescroll_dot&quot;:&quot;yes&quot;}\">\n\t\t\t\t\t\t<div class=\"elementor-container elementor-column-gap-default\">\n\t\t\t\t\t<div class=\"elementor-column elementor-col-100 elementor-top-column elementor-element elementor-element-588a7d5\" data-id=\"588a7d5\" data-element_type=\"column\" data-e-type=\"column\">\n\t\t\t<div class=\"elementor-widget-wrap elementor-element-populated\">\n\t\t\t\t\t\t<div class=\"elementor-element elementor-element-d23b715 elementor-widget elementor-widget-html\" data-id=\"d23b715\" data-element_type=\"widget\" data-e-type=\"widget\" data-settings=\"{&quot;ekit_we_effect_on&quot;:&quot;none&quot;}\" data-widget_type=\"html.default\">\n\t\t\t\t<div class=\"elementor-widget-container\">\n\t\t\t\t\t<table class=\"table table-vessel-meta table-x-min-width\">\n\t<tbody>\n\t\t\t\t\t<tr>\n\t\t\t\t\t\t\t\t\t<td width=\"50%\" scope=\"th\">Ownership Type<\/td>\n\t\t\t\t\t<td width=\"50%\">Chartered VLGCs<\/td>\n\t\t\t\t\t\t\t<\/tr>\n\t\t\t\t\t<tr>\n\t\t\t\t\t\t\t\t\t<td width=\"50%\" scope=\"th\">Capacity<\/td>\n\t\t\t\t\t<td width=\"50%\">82,252 cbm<\/td>\n\t\t\t\t\t\t\t<\/tr>\n\t\t\t\t\t<tr>\n\t\t\t\t\t\t\t\t\t<td width=\"50%\" scope=\"th\">Year Built<\/td>\n\t\t\t\t\t<td width=\"50%\">2007<\/td>\n\t\t\t\t\t\t\t<\/tr>\n\t\t\t\t\t\n\t\t\t\t\t<tr>\n\t\t\t\t\t\t\t\t\t<td width=\"50%\" scope=\"th\">Type of Propulsion<\/td>\n\t\t\t\t\t<td width=\"50%\">Compliant fuel<\/td>\n\t\t\t\t\t\t\t<\/tr>\n\t\t\t\t\t\n\t\t\t\t\t<tr>\n\t\t\t\t\t\t\t\t\t<td width=\"50%\" scope=\"th\">Class<\/td>\n\t\t\t\t\t<td width=\"50%\">Det Norske Veritas (DNV)<\/td>\n\t\t\t\t\t\t\t<\/tr>\n\t\t\t\t\t<tr>\n\t\t\t\t\t\t\t\t\t<td width=\"50%\" scope=\"th\">Transportable Products<\/td>\n\t\t\t\t\t<td width=\"50%\">Propane<br>\nButane<br>\nAmmonia<br>\nButadiene<br>\nButylene<br>\nPropylene<\/td>\n\t\t\t\t\t\t\t<\/tr>\n\t\t\t<\/tbody>\n<\/table>\t\t\t\t<\/div>\n\t\t\t\t<\/div>\n\t\t\t\t\t<\/div>\n\t\t<\/div>\n\t\t\t\t\t<\/div>\n\t\t<\/section>\n\t\t\t\t<section class=\"elementor-section elementor-top-section elementor-element elementor-element-8518268 elementor-section-boxed elementor-section-height-default elementor-section-height-default\" data-id=\"8518268\" data-element_type=\"section\" data-e-type=\"section\" data-settings=\"{&quot;ekit_has_onepagescroll_dot&quot;:&quot;yes&quot;}\">\n\t\t\t\t\t\t<div class=\"elementor-container elementor-column-gap-default\">\n\t\t\t\t\t<div class=\"elementor-column elementor-col-100 elementor-top-column elementor-element elementor-element-8773c6c\" data-id=\"8773c6c\" data-element_type=\"column\" data-e-type=\"column\">\n\t\t\t<div class=\"elementor-widget-wrap elementor-element-populated\">\n\t\t\t\t\t\t<div class=\"elementor-element elementor-element-15b50e2 elementor-widget elementor-widget-energium_heading\" data-id=\"15b50e2\" data-element_type=\"widget\" data-e-type=\"widget\" data-settings=\"{&quot;ekit_we_effect_on&quot;:&quot;none&quot;}\" data-widget_type=\"energium_heading.default\">\n\t\t\t\t<div class=\"elementor-widget-container\">\n\t\t\t\t\t<div class=\"energium-heading-widget\"><h3 class=\"energium-heading\"><span class=\"energium-heading-content\">Tank Capacities<\/span><\/h3><\/div>\t\t\t\t<\/div>\n\t\t\t\t<\/div>\n\t\t\t\t\t<\/div>\n\t\t<\/div>\n\t\t\t\t\t<\/div>\n\t\t<\/section>\n\t\t\t\t<section class=\"elementor-section elementor-top-section elementor-element elementor-element-88016e7 elementor-section-boxed elementor-section-height-default elementor-section-height-default\" data-id=\"88016e7\" data-element_type=\"section\" data-e-type=\"section\" data-settings=\"{&quot;ekit_has_onepagescroll_dot&quot;:&quot;yes&quot;}\">\n\t\t\t\t\t\t<div class=\"elementor-container elementor-column-gap-default\">\n\t\t\t\t\t<div class=\"elementor-column elementor-col-100 elementor-top-column elementor-element elementor-element-67ad0a2\" data-id=\"67ad0a2\" data-element_type=\"column\" data-e-type=\"column\">\n\t\t\t<div class=\"elementor-widget-wrap elementor-element-populated\">\n\t\t\t\t\t\t<div class=\"elementor-element elementor-element-88d5e47 elementor-widget elementor-widget-html\" data-id=\"88d5e47\" data-element_type=\"widget\" data-e-type=\"widget\" data-settings=\"{&quot;ekit_we_effect_on&quot;:&quot;none&quot;}\" data-widget_type=\"html.default\">\n\t\t\t\t<div class=\"elementor-widget-container\">\n\t\t\t\t\t<table class=\"table table-vessel-meta table-x-min-width\">\n\t<tbody>\n\t\t\t\t\t<tr>\n\t\t\t\t\t\t\t\t\t<td width=\"50%\" scope=\"th\">Tank 1<\/td>\n\t\t\t\t\t<td width=\"50%\">17891.9 cbm (100%) 17534.1 cbm (98%)<\/td>\n\t\t\t\t\t\t\t<\/tr>\n\t\t\t\t\t<tr>\n\t\t\t\t\t\t\t\t\t<td width=\"50%\" scope=\"th\">Tank 2<\/td>\n\t\t\t\t\t<td width=\"50%\">21828.5 cbm (100%) 21391.9 cbm (98%)<\/td>\n\t\t\t\t\t\t\t<\/tr>\n\t\t\t\t\t<tr>\n\t\t\t\t\t\t\t\t\t<td width=\"50%\" scope=\"th\">Tank 3<\/td>\n\t\t\t\t\t<td width=\"50%\">21834.9 cbm (100%) 21398.2 cbm (98%)<\/td>\n\t\t\t\t\t\t\t<\/tr>\n\t\t\t\t\t<tr>\n\t\t\t\t\t\t\t\t\t<td width=\"50%\" scope=\"th\">Tank 4<\/td>\n\t\t\t\t\t<td width=\"50%\">20696.7 cbm (100%) 20282.8 cbm (98%)<\/td>\n\t\t\t\t\t\t\t<\/tr>\n\t\t\t<\/tbody>\n<\/table>\t\t\t\t<\/div>\n\t\t\t\t<\/div>\n\t\t\t\t\t<\/div>\n\t\t<\/div>\n\t\t\t\t\t<\/div>\n\t\t<\/section>\n\t\t\t\t<section class=\"elementor-section elementor-top-section elementor-element elementor-element-34adc62 elementor-section-boxed elementor-section-height-default elementor-section-height-default\" data-id=\"34adc62\" data-element_type=\"section\" data-e-type=\"section\" data-settings=\"{&quot;ekit_has_onepagescroll_dot&quot;:&quot;yes&quot;}\">\n\t\t\t\t\t\t<div class=\"elementor-container elementor-column-gap-default\">\n\t\t\t\t\t<div class=\"elementor-column elementor-col-100 elementor-top-column elementor-element elementor-element-186c356\" data-id=\"186c356\" data-element_type=\"column\" data-e-type=\"column\">\n\t\t\t<div class=\"elementor-widget-wrap elementor-element-populated\">\n\t\t\t\t\t\t<div class=\"elementor-element elementor-element-fb341da elementor-widget elementor-widget-energium_heading\" data-id=\"fb341da\" data-element_type=\"widget\" data-e-type=\"widget\" data-settings=\"{&quot;ekit_we_effect_on&quot;:&quot;none&quot;}\" data-widget_type=\"energium_heading.default\">\n\t\t\t\t<div class=\"elementor-widget-container\">\n\t\t\t\t\t<div class=\"energium-heading-widget\"><h3 class=\"energium-heading\"><span class=\"energium-heading-content\">Main Dimensions<\/span><\/h3><\/div>\t\t\t\t<\/div>\n\t\t\t\t<\/div>\n\t\t\t\t\t<\/div>\n\t\t<\/div>\n\t\t\t\t\t<\/div>\n\t\t<\/section>\n\t\t\t\t<section class=\"elementor-section elementor-top-section elementor-element elementor-element-5ef72d8 elementor-section-boxed elementor-section-height-default elementor-section-height-default\" data-id=\"5ef72d8\" data-element_type=\"section\" data-e-type=\"section\" data-settings=\"{&quot;ekit_has_onepagescroll_dot&quot;:&quot;yes&quot;}\">\n\t\t\t\t\t\t<div class=\"elementor-container elementor-column-gap-default\">\n\t\t\t\t\t<div class=\"elementor-column elementor-col-100 elementor-top-column elementor-element elementor-element-6433207\" data-id=\"6433207\" data-element_type=\"column\" data-e-type=\"column\">\n\t\t\t<div class=\"elementor-widget-wrap elementor-element-populated\">\n\t\t\t\t\t\t<div class=\"elementor-element elementor-element-627f113 elementor-widget elementor-widget-html\" data-id=\"627f113\" data-element_type=\"widget\" data-e-type=\"widget\" data-settings=\"{&quot;ekit_we_effect_on&quot;:&quot;none&quot;}\" data-widget_type=\"html.default\">\n\t\t\t\t<div class=\"elementor-widget-container\">\n\t\t\t\t\t<table class=\"table table-vessel-meta table-x-min-width\">\n\t<tbody>\n\t\t\t\t\t<tr>\n\t\t\t\t\t\t\t\t\t<td width=\"50%\" scope=\"th\">LOA<\/td>\n\t\t\t\t\t<td width=\"50%\">225 m<\/td>\n\t\t\t\t\t\t\t<\/tr>\n\t\t\t\t\t<tr>\n\t\t\t\t\t\t\t\t\t<td width=\"50%\" scope=\"th\">Breadth<\/td>\n\t\t\t\t\t<td width=\"50%\">36 m<\/td>\n\t\t\t\t\t\t\t<\/tr>\n\t\t\t<\/tbody>\n<\/table>\t\t\t\t<\/div>\n\t\t\t\t<\/div>\n\t\t\t\t\t<\/div>\n\t\t<\/div>\n\t\t\t\t\t<\/div>\n\t\t<\/section>\n\t\t\t\t<section class=\"elementor-section elementor-top-section elementor-element elementor-element-7aab4c3 elementor-section-boxed elementor-section-height-default elementor-section-height-default\" data-id=\"7aab4c3\" data-element_type=\"section\" data-e-type=\"section\" data-settings=\"{&quot;ekit_has_onepagescroll_dot&quot;:&quot;yes&quot;}\">\n\t\t\t\t\t\t<div class=\"elementor-container elementor-column-gap-default\">\n\t\t\t\t\t<div class=\"elementor-column elementor-col-100 elementor-top-column elementor-element elementor-element-c12af78\" data-id=\"c12af78\" data-element_type=\"column\" data-e-type=\"column\">\n\t\t\t<div class=\"elementor-widget-wrap elementor-element-populated\">\n\t\t\t\t\t\t<div class=\"elementor-element elementor-element-2c24c72 elementor-widget elementor-widget-energium_heading\" data-id=\"2c24c72\" data-element_type=\"widget\" data-e-type=\"widget\" data-settings=\"{&quot;ekit_we_effect_on&quot;:&quot;none&quot;}\" data-widget_type=\"energium_heading.default\">\n\t\t\t\t<div class=\"elementor-widget-container\">\n\t\t\t\t\t<div class=\"energium-heading-widget\"><h3 class=\"energium-heading\"><span class=\"energium-heading-content\">Products and Quantitie<\/span><\/h3><\/div>\t\t\t\t<\/div>\n\t\t\t\t<\/div>\n\t\t\t\t<div class=\"elementor-element elementor-element-b31c5f0 elementor-widget elementor-widget-energium_heading\" data-id=\"b31c5f0\" data-element_type=\"widget\" data-e-type=\"widget\" data-settings=\"{&quot;ekit_we_effect_on&quot;:&quot;none&quot;}\" data-widget_type=\"energium_heading.default\">\n\t\t\t\t<div class=\"elementor-widget-container\">\n\t\t\t\t\t<div class=\"energium-heading-widget\"><p class=\"energium-heading\"><span class=\"energium-heading-content\">Transportable products and respective quantities<\/span><\/p><\/div>\t\t\t\t<\/div>\n\t\t\t\t<\/div>\n\t\t\t\t\t<\/div>\n\t\t<\/div>\n\t\t\t\t\t<\/div>\n\t\t<\/section>\n\t\t\t\t<section class=\"elementor-section elementor-top-section elementor-element elementor-element-6a3333c elementor-section-boxed elementor-section-height-default elementor-section-height-default\" data-id=\"6a3333c\" data-element_type=\"section\" data-e-type=\"section\" data-settings=\"{&quot;ekit_has_onepagescroll_dot&quot;:&quot;yes&quot;}\">\n\t\t\t\t\t\t<div class=\"elementor-container elementor-column-gap-default\">\n\t\t\t\t\t<div class=\"elementor-column elementor-col-100 elementor-top-column elementor-element elementor-element-92bedf8\" data-id=\"92bedf8\" data-element_type=\"column\" data-e-type=\"column\">\n\t\t\t<div class=\"elementor-widget-wrap elementor-element-populated\">\n\t\t\t\t\t\t<div class=\"elementor-element elementor-element-1b7165c elementor-widget elementor-widget-html\" data-id=\"1b7165c\" data-element_type=\"widget\" data-e-type=\"widget\" data-settings=\"{&quot;ekit_we_effect_on&quot;:&quot;none&quot;}\" data-widget_type=\"html.default\">\n\t\t\t\t<div class=\"elementor-widget-container\">\n\t\t\t\t\t<table class=\"table table-cargo-installation table-x-min-width\">\n\t\t\t\t\t<tr>\n\t\t\t\t\t\t\t\t\t\t\t\t\t<td width=\"20%\">Tank No.<\/td>\n\t\t\t\t\t\t\t\t\t\t\t\t\t<td width=\"20%\">Butane Density: 0.596 <\/td>\n\t\t\t\t\t\t\t\t\t\t\t\t\t<td width=\"20%\">Propane Density: 0.581<\/td>\n\t\t\t\t\t\t\t\t\t\t\t\t\t<td width=\"20%\">Ammonia Density: 0.680<\/td>\n\t\t\t\t\t\t\t\t\t\t\t\t\t<td width=\"20%\">Butadiene Density: 0.651<\/td>\n\t\t\t\t\t\t\t\t\t\t\t<\/tr>\n\t\t\t\t<\/thead>\n\t\t\t\t\t\t<tbody>\n\t\t\t\t\t\t\t\t\t<tr>\n\t\t\t\t\t\t\t\t\t\t\t\t\t<td>1<\/td>\n\t\t\t\t\t\t\t\t\t\t\t\t\t<td>10,450 mt<\/td>\n\t\t\t\t\t\t\t\t\t\t\t\t\t<td>10,187 mt<\/td>\n\t\t\t\t\t\t\t\t\t\t\t\t\t<td>11,923 mt<\/td>\n\t\t\t\t\t\t\t\t\t\t\t\t\t<td>11,415 mt<\/td>\n\t\t\t\t\t\t\t\t\t\t\t<\/tr>\n\t\t\t\t\t\t\t\t\t<tr>\n\t\t\t\t\t\t\t\t\t\t\t\t\t<td>2<\/td>\n\t\t\t\t\t\t\t\t\t\t\t\t\t<td>12,750 mt<\/td>\n\t\t\t\t\t\t\t\t\t\t\t\t\t<td>12,429 mt<\/td>\n\t\t\t\t\t\t\t\t\t\t\t\t\t<td>14,547 mt<\/td>\n\t\t\t\t\t\t\t\t\t\t\t\t\t<td>13,926 mt<\/td>\n\t\t\t\t\t\t\t\t\t\t\t<\/tr>\n\t\t\t\t\t\t\t\t\t<tr>\n\t\t\t\t\t\t\t\t\t\t\t\t\t<td>3<\/td>\n\t\t\t\t\t\t\t\t\t\t\t\t\t<td>12,753 mt<\/td>\n\t\t\t\t\t\t\t\t\t\t\t\t\t<td>12,432 mt<\/td>\n\t\t\t\t\t\t\t\t\t\t\t\t\t<td>14,551 mt<\/td>\n\t\t\t\t\t\t\t\t\t\t\t\t\t<td>13,930 mt<\/td>\n\t\t\t\t\t\t\t\t\t\t\t<\/tr>\n\t\t\t\t\t\t\t\t\t<tr>\n\t\t\t\t\t\t\t\t\t\t\t\t\t<td>4<\/td>\n\t\t\t\t\t\t\t\t\t\t\t\t\t<td>12,089 mt<\/td>\n\t\t\t\t\t\t\t\t\t\t\t\t\t<td>11,784 mt<\/td>\n\t\t\t\t\t\t\t\t\t\t\t\t\t<td>13,792 mt<\/td>\n\t\t\t\t\t\t\t\t\t\t\t\t\t<td>13,204 mt<\/td>\n\t\t\t\t\t\t\t\t\t\t\t<\/tr>\n\t\t\t\t\t\t\t\t\t<tr>\n\t\t\t\t\t\t\t\t\t\t\t\t\t<td>Total<\/td>\n\t\t\t\t\t\t\t\t\t\t\t\t\t<td>48,042 mt<\/td>\n\t\t\t\t\t\t\t\t\t\t\t\t\t<td>46,832 mt<\/td>\n\t\t\t\t\t\t\t\t\t\t\t\t\t<td>54,813 mt<\/td>\n\t\t\t\t\t\t\t\t\t\t\t\t\t<td>52,475 mt<\/td>\n\t\t\t\t\t\t\t\t\t\t\t<\/tr>\n\t\t\t\t\t\t\t<\/tbody>\n\t\t<\/table>\t\t\t\t<\/div>\n\t\t\t\t<\/div>\n\t\t\t\t\t<\/div>\n\t\t<\/div>\n\t\t\t\t\t<\/div>\n\t\t<\/section>\n\t\t\t\t<section class=\"elementor-section elementor-top-section elementor-element elementor-element-1412ea8 elementor-section-full_width elementor-section-stretched elementor-section-height-default elementor-section-height-default elementor-invisible\" data-id=\"1412ea8\" data-element_type=\"section\" data-e-type=\"section\" data-settings=\"{&quot;stretch_section&quot;:&quot;section-stretched&quot;,&quot;animation&quot;:&quot;slideInUp&quot;,&quot;ekit_has_onepagescroll_dot&quot;:&quot;yes&quot;}\">\n\t\t\t\t\t\t<div class=\"elementor-container elementor-column-gap-default\">\n\t\t\t\t\t<div class=\"elementor-column elementor-col-100 elementor-top-column elementor-element elementor-element-ebb7385\" data-id=\"ebb7385\" data-element_type=\"column\" data-e-type=\"column\">\n\t\t\t<div class=\"elementor-widget-wrap elementor-element-populated\">\n\t\t\t\t\t\t<div class=\"elementor-element elementor-element-7636511 elementor-widget elementor-widget-image-carousel\" data-id=\"7636511\" data-element_type=\"widget\" data-e-type=\"widget\" data-settings=\"{&quot;slides_to_show&quot;:&quot;4&quot;,&quot;slides_to_scroll&quot;:&quot;1&quot;,&quot;navigation&quot;:&quot;none&quot;,&quot;lazyload&quot;:&quot;yes&quot;,&quot;pause_on_hover&quot;:&quot;no&quot;,&quot;pause_on_interaction&quot;:&quot;no&quot;,&quot;autoplay_speed&quot;:2000,&quot;speed&quot;:2000,&quot;motion_fx_motion_fx_scrolling&quot;:&quot;yes&quot;,&quot;autoplay&quot;:&quot;yes&quot;,&quot;infinite&quot;:&quot;yes&quot;,&quot;ekit_we_effect_on&quot;:&quot;none&quot;,&quot;motion_fx_devices&quot;:[&quot;widescreen&quot;,&quot;desktop&quot;,&quot;laptop&quot;,&quot;tablet_extra&quot;,&quot;tablet&quot;,&quot;mobile_extra&quot;,&quot;mobile&quot;]}\" data-widget_type=\"image-carousel.default\">\n\t\t\t\t<div class=\"elementor-widget-container\">\n\t\t\t\t\t\t\t<div class=\"elementor-image-carousel-wrapper swiper\" role=\"region\" aria-roledescription=\"carousel\" aria-label=\"Resim D\u00f6ng\u00fcs\u00fc\" dir=\"ltr\">\n\t\t\t<div class=\"elementor-image-carousel swiper-wrapper swiper-image-stretch\" aria-live=\"off\">\n\t\t\t\t\t\t\t\t<div class=\"swiper-slide\" role=\"group\" aria-roledescription=\"slide\" aria-label=\"1 \/ 4\"><figure class=\"swiper-slide-inner\"><img class=\"swiper-slide-image swiper-lazy\" data-src=\"https:\/\/www.pierholding.com\/wp-content\/uploads\/2022\/12\/LPG-Dual-Fuel3.jpg\" alt=\"LPG-Dual-Fuel3\" \/><div class=\"swiper-lazy-preloader\"><\/div><\/figure><\/div><div class=\"swiper-slide\" role=\"group\" aria-roledescription=\"slide\" aria-label=\"2 \/ 4\"><figure class=\"swiper-slide-inner\"><img class=\"swiper-slide-image swiper-lazy\" data-src=\"https:\/\/www.pierholding.com\/wp-content\/uploads\/2022\/12\/LPG-Dual-Fuel4.jpg\" alt=\"LPG-Dual-Fuel4\" \/><div class=\"swiper-lazy-preloader\"><\/div><\/figure><\/div><div class=\"swiper-slide\" role=\"group\" aria-roledescription=\"slide\" aria-label=\"3 \/ 4\"><figure class=\"swiper-slide-inner\"><img class=\"swiper-slide-image swiper-lazy\" data-src=\"https:\/\/www.pierholding.com\/wp-content\/uploads\/2022\/12\/LPG-Dual-Fuel.jpg\" alt=\"LPG-Dual-Fuel\" \/><div class=\"swiper-lazy-preloader\"><\/div><\/figure><\/div><div class=\"swiper-slide\" role=\"group\" aria-roledescription=\"slide\" aria-label=\"4 \/ 4\"><figure class=\"swiper-slide-inner\"><img class=\"swiper-slide-image swiper-lazy\" data-src=\"https:\/\/www.pierholding.com\/wp-content\/uploads\/2022\/12\/LPG-Dual-Fuel2.jpg\" alt=\"LPG-Dual-Fuel2\" \/><div class=\"swiper-lazy-preloader\"><\/div><\/figure><\/div>\t\t\t<\/div>\n\t\t\t\t\t\t\t\n\t\t\t\t\t\t\t\t\t<\/div>\n\t\t\t\t\t\t<\/div>\n\t\t\t\t<\/div>\n\t\t\t\t\t<\/div>\n\t\t<\/div>\n\t\t\t\t\t<\/div>\n\t\t<\/section>\n\t\t\t\t<\/div>\n\t\t","protected":false},"excerpt":{"rendered":"<p>Ownership Type Chartered VLGCs Capacity 82,252 cbm Year Built 2007 Type of Propulsion Compliant fuel Class Det Norske Veritas (DNV) Transportable Products Propane Butane Ammonia Butadiene Butylene Propylene Tank 1 17891.9 cbm (100%) 17534.1 cbm (98%) Tank 2 21828.5 cbm (100%)&#8230;<\/p>","protected":false},"author":1,"featured_media":0,"parent":0,"menu_order":0,"comment_status":"closed","ping_status":"closed","template":"","meta":{"inline_featured_image":false,"footnotes":""},"class_list":["post-7847","page","type-page","status-publish","hentry"],"_links":{"self":[{"href":"https:\/\/www.pierholding.com\/ru_ru\/wp-json\/wp\/v2\/pages\/7847","targetHints":{"allow":["GET"]}}],"collection":[{"href":"https:\/\/www.pierholding.com\/ru_ru\/wp-json\/wp\/v2\/pages"}],"about":[{"href":"https:\/\/www.pierholding.com\/ru_ru\/wp-json\/wp\/v2\/types\/page"}],"author":[{"embeddable":true,"href":"https:\/\/www.pierholding.com\/ru_ru\/wp-json\/wp\/v2\/users\/1"}],"replies":[{"embeddable":true,"href":"https:\/\/www.pierholding.com\/ru_ru\/wp-json\/wp\/v2\/comments?post=7847"}],"version-history":[{"count":13,"href":"https:\/\/www.pierholding.com\/ru_ru\/wp-json\/wp\/v2\/pages\/7847\/revisions"}],"predecessor-version":[{"id":8222,"href":"https:\/\/www.pierholding.com\/ru_ru\/wp-json\/wp\/v2\/pages\/7847\/revisions\/8222"}],"wp:attachment":[{"href":"https:\/\/www.pierholding.com\/ru_ru\/wp-json\/wp\/v2\/media?parent=7847"}],"curies":[{"name":"wp","href":"https:\/\/api.w.org\/{rel}","templated":true}]}}