{"id":8606,"date":"2023-06-19T13:43:43","date_gmt":"2023-06-19T13:43:43","guid":{"rendered":"https:\/\/www.pierholding.com\/?page_id=8606"},"modified":"2023-06-19T14:23:20","modified_gmt":"2023-06-19T14:23:20","slug":"insaat-celigi","status":"publish","type":"page","link":"https:\/\/www.pierholding.com\/ru_ru\/insaat-celigi\/","title":{"rendered":"\u0421\u0442\u0440\u043e\u0438\u0442\u0435\u043b\u044c\u043d\u0430\u044f \u0441\u0442\u0430\u043b\u044c"},"content":{"rendered":"\t\t<div data-elementor-type=\"wp-page\" data-elementor-id=\"8606\" class=\"elementor elementor-8606\" data-elementor-post-type=\"page\">\n\t\t\t\t\t\t<section class=\"elementor-section elementor-top-section elementor-element elementor-element-6b9a525 elementor-reverse-mobile elementor-section-boxed elementor-section-height-default elementor-section-height-default\" data-id=\"6b9a525\" data-element_type=\"section\" data-e-type=\"section\" data-settings=\"{&quot;ekit_has_onepagescroll_dot&quot;:&quot;yes&quot;}\">\n\t\t\t\t\t\t<div class=\"elementor-container elementor-column-gap-default\">\n\t\t\t\t\t<div class=\"elementor-column elementor-col-50 elementor-top-column elementor-element elementor-element-920d15f\" data-id=\"920d15f\" data-element_type=\"column\" data-e-type=\"column\">\n\t\t\t<div class=\"elementor-widget-wrap elementor-element-populated\">\n\t\t\t\t\t\t<div class=\"elementor-element elementor-element-eff32c4 elementor-widget elementor-widget-image-carousel\" data-id=\"eff32c4\" data-element_type=\"widget\" data-e-type=\"widget\" data-settings=\"{&quot;slides_to_show&quot;:&quot;1&quot;,&quot;navigation&quot;:&quot;none&quot;,&quot;lazyload&quot;:&quot;yes&quot;,&quot;pause_on_hover&quot;:&quot;no&quot;,&quot;pause_on_interaction&quot;:&quot;no&quot;,&quot;autoplay_speed&quot;:2000,&quot;speed&quot;:2000,&quot;motion_fx_motion_fx_scrolling&quot;:&quot;yes&quot;,&quot;autoplay&quot;:&quot;yes&quot;,&quot;infinite&quot;:&quot;yes&quot;,&quot;effect&quot;:&quot;slide&quot;,&quot;ekit_we_effect_on&quot;:&quot;none&quot;,&quot;motion_fx_devices&quot;:[&quot;widescreen&quot;,&quot;desktop&quot;,&quot;laptop&quot;,&quot;tablet_extra&quot;,&quot;tablet&quot;,&quot;mobile_extra&quot;,&quot;mobile&quot;]}\" data-widget_type=\"image-carousel.default\">\n\t\t\t\t<div class=\"elementor-widget-container\">\n\t\t\t\t\t\t\t<div class=\"elementor-image-carousel-wrapper swiper\" role=\"region\" aria-roledescription=\"carousel\" aria-label=\"\u041a\u0430\u0440\u0443\u0441\u0435\u043b\u044c\" dir=\"ltr\">\n\t\t\t<div class=\"elementor-image-carousel swiper-wrapper swiper-image-stretch\" aria-live=\"off\">\n\t\t\t\t\t\t\t\t<div class=\"swiper-slide\" role=\"group\" aria-roledescription=\"slide\" aria-label=\"1 \u0438\u0437 6\"><figure class=\"swiper-slide-inner\"><img class=\"swiper-slide-image swiper-lazy\" data-src=\"https:\/\/www.pierholding.com\/wp-content\/uploads\/2023\/06\/insaat-celigi-04.jpg\" alt=\"insaat-celigi-04\" \/><div class=\"swiper-lazy-preloader\"><\/div><\/figure><\/div><div class=\"swiper-slide\" role=\"group\" aria-roledescription=\"slide\" aria-label=\"2 \u0438\u0437 6\"><figure class=\"swiper-slide-inner\"><img class=\"swiper-slide-image swiper-lazy\" data-src=\"https:\/\/www.pierholding.com\/wp-content\/uploads\/2023\/06\/insaat-celigi-03.jpg\" alt=\"insaat-celigi-03\" \/><div class=\"swiper-lazy-preloader\"><\/div><\/figure><\/div><div class=\"swiper-slide\" role=\"group\" aria-roledescription=\"slide\" aria-label=\"3 \u0438\u0437 6\"><figure class=\"swiper-slide-inner\"><img class=\"swiper-slide-image swiper-lazy\" data-src=\"https:\/\/www.pierholding.com\/wp-content\/uploads\/2023\/06\/insaat-celigi-05.jpg\" alt=\"insaat-celigi-05\" \/><div class=\"swiper-lazy-preloader\"><\/div><\/figure><\/div><div class=\"swiper-slide\" role=\"group\" aria-roledescription=\"slide\" aria-label=\"4 \u0438\u0437 6\"><figure class=\"swiper-slide-inner\"><img class=\"swiper-slide-image swiper-lazy\" data-src=\"https:\/\/www.pierholding.com\/wp-content\/uploads\/2023\/06\/nervurlu-filmasin-03.jpg\" alt=\"nervurlu-filmasin-03\" \/><div class=\"swiper-lazy-preloader\"><\/div><\/figure><\/div><div class=\"swiper-slide\" role=\"group\" aria-roledescription=\"slide\" aria-label=\"5 \u0438\u0437 6\"><figure class=\"swiper-slide-inner\"><img class=\"swiper-slide-image swiper-lazy\" data-src=\"https:\/\/www.pierholding.com\/wp-content\/uploads\/2023\/06\/nervurlu-filmasin-04.jpg\" alt=\"nervurlu-filmasin-04\" \/><div class=\"swiper-lazy-preloader\"><\/div><\/figure><\/div><div class=\"swiper-slide\" role=\"group\" aria-roledescription=\"slide\" aria-label=\"6 \u0438\u0437 6\"><figure class=\"swiper-slide-inner\"><img class=\"swiper-slide-image swiper-lazy\" data-src=\"https:\/\/www.pierholding.com\/wp-content\/uploads\/2023\/06\/insaat-celigi-06.jpg\" alt=\"insaat-celigi-06\" \/><div class=\"swiper-lazy-preloader\"><\/div><\/figure><\/div>\t\t\t<\/div>\n\t\t\t\t\t\t\t\n\t\t\t\t\t\t\t\t\t<\/div>\n\t\t\t\t\t\t<\/div>\n\t\t\t\t<\/div>\n\t\t\t\t\t<\/div>\n\t\t<\/div>\n\t\t\t\t<div class=\"elementor-column elementor-col-50 elementor-top-column elementor-element elementor-element-c39d910\" data-id=\"c39d910\" data-element_type=\"column\" data-e-type=\"column\">\n\t\t\t<div class=\"elementor-widget-wrap elementor-element-populated\">\n\t\t\t\t\t\t<div class=\"elementor-element elementor-element-3a5f166 elementor-widget elementor-widget-text-editor\" data-id=\"3a5f166\" data-element_type=\"widget\" data-e-type=\"widget\" data-settings=\"{&quot;ekit_we_effect_on&quot;:&quot;none&quot;}\" data-widget_type=\"text-editor.default\">\n\t\t\t\t<div class=\"elementor-widget-container\">\n\t\t\t\t\t\t\t\t\tKayma ve \u00e7ekme gerilimlerini kar\u015f\u0131lamak amac\u0131yla betonarme yap\u0131larda, beton i\u00e7ine yerle\u015ftirilen, \u00e7ubuk, kangal ve kangaldan do\u011frultulmu\u015f \u00e7ubuk bi\u00e7imlerinde imal ve teslim edilen kaynaklanabilir veya kaynaklanamayan donat\u0131 \u00e7eli\u011fidir.\n<\/br><\/br>\n<strong>\u0130n\u015faat \u00c7eli\u011fi Boyutlar\u0131\n<\/strong>\n<\/br>\n\u00c7ap \u00d8 : 8 mm ile 40 mm aral\u0131\u011f\u0131nda\n<\/br>\nBoy : 6 m ile 18 m aras\u0131nda istenilen boylarda\n<\/br>\nPaket a\u011f\u0131rl\u0131\u011f\u0131 : min 1000 &#8211; max 3000 kg\t\t\t\t\t\t\t\t<\/div>\n\t\t\t\t<\/div>\n\t\t\t\t<div class=\"elementor-element elementor-element-a04e1f9 e-transform elementor-widget elementor-widget-energium_file\" data-id=\"a04e1f9\" data-element_type=\"widget\" data-e-type=\"widget\" data-settings=\"{&quot;_transform_translateY_effect_hover&quot;:{&quot;unit&quot;:&quot;px&quot;,&quot;size&quot;:-10,&quot;sizes&quot;:[]},&quot;ekit_we_effect_on&quot;:&quot;none&quot;,&quot;_transform_translateX_effect_hover&quot;:{&quot;unit&quot;:&quot;px&quot;,&quot;size&quot;:&quot;&quot;,&quot;sizes&quot;:[]},&quot;_transform_translateX_effect_hover_widescreen&quot;:{&quot;unit&quot;:&quot;px&quot;,&quot;size&quot;:&quot;&quot;,&quot;sizes&quot;:[]},&quot;_transform_translateX_effect_hover_laptop&quot;:{&quot;unit&quot;:&quot;px&quot;,&quot;size&quot;:&quot;&quot;,&quot;sizes&quot;:[]},&quot;_transform_translateX_effect_hover_tablet_extra&quot;:{&quot;unit&quot;:&quot;px&quot;,&quot;size&quot;:&quot;&quot;,&quot;sizes&quot;:[]},&quot;_transform_translateX_effect_hover_tablet&quot;:{&quot;unit&quot;:&quot;px&quot;,&quot;size&quot;:&quot;&quot;,&quot;sizes&quot;:[]},&quot;_transform_translateX_effect_hover_mobile_extra&quot;:{&quot;unit&quot;:&quot;px&quot;,&quot;size&quot;:&quot;&quot;,&quot;sizes&quot;:[]},&quot;_transform_translateX_effect_hover_mobile&quot;:{&quot;unit&quot;:&quot;px&quot;,&quot;size&quot;:&quot;&quot;,&quot;sizes&quot;:[]},&quot;_transform_translateY_effect_hover_widescreen&quot;:{&quot;unit&quot;:&quot;px&quot;,&quot;size&quot;:&quot;&quot;,&quot;sizes&quot;:[]},&quot;_transform_translateY_effect_hover_laptop&quot;:{&quot;unit&quot;:&quot;px&quot;,&quot;size&quot;:&quot;&quot;,&quot;sizes&quot;:[]},&quot;_transform_translateY_effect_hover_tablet_extra&quot;:{&quot;unit&quot;:&quot;px&quot;,&quot;size&quot;:&quot;&quot;,&quot;sizes&quot;:[]},&quot;_transform_translateY_effect_hover_tablet&quot;:{&quot;unit&quot;:&quot;px&quot;,&quot;size&quot;:&quot;&quot;,&quot;sizes&quot;:[]},&quot;_transform_translateY_effect_hover_mobile_extra&quot;:{&quot;unit&quot;:&quot;px&quot;,&quot;size&quot;:&quot;&quot;,&quot;sizes&quot;:[]},&quot;_transform_translateY_effect_hover_mobile&quot;:{&quot;unit&quot;:&quot;px&quot;,&quot;size&quot;:&quot;&quot;,&quot;sizes&quot;:[]}}\" data-widget_type=\"energium_file.default\">\n\t\t\t\t<div class=\"elementor-widget-container\">\n\t\t\t\t\t<a class=\"energium-file-widget\" href=\"https:\/\/www.pierholding.com\/wp-content\/uploads\/2023\/06\/insaat-celigi-copy.png\"><span class=\"file-item file-item-compact\"><span class=\"file-item-icon\"><img decoding=\"async\" class=\"file-item-icon-image\" src=\"https:\/\/www.pierholding.com\/wp-content\/uploads\/2023\/06\/img.png\" alt=\"File Icon\" \/><\/span><span class=\"file-item-content\"><span class=\"file-item-title\">Teknik \u00d6zellikler<\/span><\/span><i class=\"file-item-download-item fontello icon-download\"><\/i><\/span><\/a>\t\t\t\t<\/div>\n\t\t\t\t<\/div>\n\t\t\t\t\t<\/div>\n\t\t<\/div>\n\t\t\t\t\t<\/div>\n\t\t<\/section>\n\t\t\t\t<\/div>\n\t\t","protected":false},"excerpt":{"rendered":"<p>Kayma ve \u00e7ekme gerilimlerini kar\u015f\u0131lamak amac\u0131yla betonarme yap\u0131larda, beton i\u00e7ine yerle\u015ftirilen, \u00e7ubuk, kangal ve kangaldan do\u011frultulmu\u015f \u00e7ubuk bi\u00e7imlerinde imal ve teslim edilen kaynaklanabilir veya kaynaklanamayan donat\u0131 \u00e7eli\u011fidir. \u0130n\u015faat \u00c7eli\u011fi Boyutlar\u0131 \u00c7ap \u00d8 : 8 mm ile 40 mm aral\u0131\u011f\u0131nda Boy :&#8230;<\/p>","protected":false},"author":1,"featured_media":0,"parent":0,"menu_order":0,"comment_status":"closed","ping_status":"closed","template":"","meta":{"inline_featured_image":false,"footnotes":""},"class_list":["post-8606","page","type-page","status-publish","hentry"],"_links":{"self":[{"href":"https:\/\/www.pierholding.com\/ru_ru\/wp-json\/wp\/v2\/pages\/8606","targetHints":{"allow":["GET"]}}],"collection":[{"href":"https:\/\/www.pierholding.com\/ru_ru\/wp-json\/wp\/v2\/pages"}],"about":[{"href":"https:\/\/www.pierholding.com\/ru_ru\/wp-json\/wp\/v2\/types\/page"}],"author":[{"embeddable":true,"href":"https:\/\/www.pierholding.com\/ru_ru\/wp-json\/wp\/v2\/users\/1"}],"replies":[{"embeddable":true,"href":"https:\/\/www.pierholding.com\/ru_ru\/wp-json\/wp\/v2\/comments?post=8606"}],"version-history":[{"count":28,"href":"https:\/\/www.pierholding.com\/ru_ru\/wp-json\/wp\/v2\/pages\/8606\/revisions"}],"predecessor-version":[{"id":8668,"href":"https:\/\/www.pierholding.com\/ru_ru\/wp-json\/wp\/v2\/pages\/8606\/revisions\/8668"}],"wp:attachment":[{"href":"https:\/\/www.pierholding.com\/ru_ru\/wp-json\/wp\/v2\/media?parent=8606"}],"curies":[{"name":"wp","href":"https:\/\/api.w.org\/{rel}","templated":true}]}}